{"id":43,"date":"2023-09-04T08:47:18","date_gmt":"2023-09-04T08:47:18","guid":{"rendered":"https:\/\/dafi.hu\/?page_id=43"},"modified":"2023-09-27T13:28:49","modified_gmt":"2023-09-27T13:28:49","slug":"rolunk","status":"publish","type":"page","link":"https:\/\/dafi.hu\/index.php\/rolunk\/","title":{"rendered":"R\u00f3lunk"},"content":{"rendered":"\n<p><a href=\"https:\/\/dafi.hu\/index.php\/tevekenysegek\/\">Tev\u00e9kenys\u00e9gek<\/a><\/p>\n\n\n\n<p><a href=\"https:\/\/dafi.hu\/index.php\/fo-celjaink\/\">F\u0151 c\u00e9ljaink<\/a><\/p>\n\n\n\n<p><a href=\"https:\/\/dafi.hu\/index.php\/csapatunk\/\" data-type=\"link\" data-id=\"https:\/\/dafi.hu\/index.php\/csapatunk\/\">Csapatunk<\/a><\/p>\n","protected":false},"excerpt":{"rendered":"<p>Tev\u00e9kenys\u00e9gek F\u0151 c\u00e9ljaink Csapatunk<\/p>\n","protected":false},"author":1,"featured_media":0,"parent":0,"menu_order":0,"comment_status":"closed","ping_status":"closed","template":"","meta":{"footnotes":""},"class_list":["post-43","page","type-page","status-publish","hentry"],"_links":{"self":[{"href":"https:\/\/dafi.hu\/index.php\/wp-json\/wp\/v2\/pages\/43","targetHints":{"allow":["GET"]}}],"collection":[{"href":"https:\/\/dafi.hu\/index.php\/wp-json\/wp\/v2\/pages"}],"about":[{"href":"https:\/\/dafi.hu\/index.php\/wp-json\/wp\/v2\/types\/page"}],"author":[{"embeddable":true,"href":"https:\/\/dafi.hu\/index.php\/wp-json\/wp\/v2\/users\/1"}],"replies":[{"embeddable":true,"href":"https:\/\/dafi.hu\/index.php\/wp-json\/wp\/v2\/comments?post=43"}],"version-history":[{"count":4,"href":"https:\/\/dafi.hu\/index.php\/wp-json\/wp\/v2\/pages\/43\/revisions"}],"predecessor-version":[{"id":176,"href":"https:\/\/dafi.hu\/index.php\/wp-json\/wp\/v2\/pages\/43\/revisions\/176"}],"wp:attachment":[{"href":"https:\/\/dafi.hu\/index.php\/wp-json\/wp\/v2\/media?parent=43"}],"curies":[{"name":"wp","href":"https:\/\/api.w.org\/{rel}","templated":true}]}}